{"id":4354,"date":"2020-10-05T12:44:35","date_gmt":"2020-10-05T12:44:35","guid":{"rendered":"https:\/\/bijoux.vamtam.com\/?page_id=4354"},"modified":"2020-10-05T12:44:35","modified_gmt":"2020-10-05T12:44:35","slug":"terms-and-conditions","status":"publish","type":"page","link":"https:\/\/erugart.com\/es\/terms-and-conditions\/","title":{"rendered":"Terms and Conditions"},"content":{"rendered":"<div data-elementor-type=\"wp-page\" data-elementor-id=\"4354\" class=\"elementor elementor-4354\" data-elementor-post-type=\"page\">\n\t\t\t\t\t\t<section class=\"elementor-section elementor-top-section elementor-element elementor-element-a2f2818 elementor-section-boxed elementor-section-height-default elementor-section-height-default\" data-id=\"a2f2818\" data-element_type=\"section\" data-e-type=\"section\">\n\t\t\t\t\t\t<div class=\"elementor-container elementor-column-gap-default\">\n\t\t\t\t\t<div class=\"elementor-column elementor-col-100 elementor-top-column elementor-element elementor-element-3f9c960\" data-id=\"3f9c960\" data-element_type=\"column\" data-e-type=\"column\">\n\t\t\t<div class=\"elementor-widget-wrap elementor-element-populated\">\n\t\t\t\t\t\t<div class=\"elementor-element elementor-element-a13e3e7 elementor-widget elementor-widget-heading\" data-id=\"a13e3e7\" data-element_type=\"widget\" data-e-type=\"widget\" data-widget_type=\"heading.default\">\n\t\t\t\t<div class=\"elementor-widget-container\">\n\t\t\t\t\t<span class=\"elementor-heading-title elementor-size-default\">Este es el sample page.<\/span>\t\t\t\t<\/div>\n\t\t\t\t<\/div>\n\t\t\t\t<div class=\"elementor-element elementor-element-95937e1 elementor-widget elementor-widget-heading\" data-id=\"95937e1\" data-element_type=\"widget\" data-e-type=\"widget\" data-widget_type=\"heading.default\">\n\t\t\t\t<div class=\"elementor-widget-container\">\n\t\t\t\t\t<h3 class=\"elementor-heading-title elementor-size-default\">Overview<\/h3>\t\t\t\t<\/div>\n\t\t\t\t<\/div>\n\t\t\t\t<div class=\"elementor-element elementor-element-54c10cc elementor-widget elementor-widget-text-editor\" data-id=\"54c10cc\" data-element_type=\"widget\" data-e-type=\"widget\" data-widget_type=\"text-editor.default\">\n\t\t\t\t<div class=\"elementor-widget-container\">\n\t\t\t\t\t\t\t\t\t<p>Our refund and returns policy lasts 30 days. Hasta 30 d\u00edas ha pasado since yo purchase, we can&#039;t offer you a hoja refundo or exchange.<\/p>\n<p>Si bien es eligible para return, nuestro elemento puede ser unizado y en su condici\u00f3n de que se reciba. Est\u00e1 muy bien en el original packaging.<\/p>\n<p>Several types of goods are exento from being returned. Perishable goods such a las food, flowers, newspapers oro magazines cannot be returned. Los productos no aceptan productos que son intimados o saludables, hazardous materiales, oro flammable l\u00edquidos o gasas.<\/p>\n<p>Aditional non-returnable items:<\/p>\n<p>Gift cards<br \/>Downloadable software products<br \/>Some health and personal care items<\/p>\n<p>To completar su return, we require a receipt or proof of purchase.<\/p>\n<p>Please do no send your purchase back to the manufacturer.<\/p>\n<p>There are certain situations where only partial refunds are granted:<\/p>\n<p>Book with obvious signs of use<br \/>CD, DVD, VHS tape, software, video juego, cassette tape, oro vinyl record that has been opened.<br \/>A\u00f1o anterior no est\u00e1 en su original condici\u00f3n, se damaged or missing parts para reasones no lleva a nuestro error.<br \/>A\u00f1o item that is returned more than 30 days after delivery<\/p>\t\t\t\t\t\t\t\t<\/div>\n\t\t\t\t<\/div>\n\t\t\t\t<div class=\"elementor-element elementor-element-8a3a269 elementor-widget elementor-widget-heading\" data-id=\"8a3a269\" data-element_type=\"widget\" data-e-type=\"widget\" data-widget_type=\"heading.default\">\n\t\t\t\t<div class=\"elementor-widget-container\">\n\t\t\t\t\t<h3 class=\"elementor-heading-title elementor-size-default\">Refundos<\/h3>\t\t\t\t<\/div>\n\t\t\t\t<\/div>\n\t\t\t\t<div class=\"elementor-element elementor-element-075d21b elementor-widget elementor-widget-text-editor\" data-id=\"075d21b\" data-element_type=\"widget\" data-e-type=\"widget\" data-widget_type=\"text-editor.default\">\n\t\t\t\t<div class=\"elementor-widget-container\">\n\t\t\t\t\t\t\t\t\t<p>Once yo return es recibido y inspected, una vez se e-mail a noti\ufb01car y el que ha recibido el returned item. Una vez notif\u00edquese de la aplicaci\u00f3n o reyecci\u00f3n de su refundo.<\/p>\n<p>Una vez que se apruebe, la refundici\u00f3n debe procesarse, y el cr\u00e9dito es autom\u00e1ticamente aplicado a la tarjeta de cr\u00e9dito o el original m\u00e9todo de pago, mediante certain por fechas.<\/p>\n<p>Late or missing refundos<\/p>\n<p>If you haven&#039;t received a refund yet, first check your bank account again.<\/p>\n<p>En contacto con nuestra compa\u00f1\u00eda de cr\u00e9dito, hay m\u00e1s tiempo para que su refundo es officially posted.<\/p>\n<p>Next contact your bank. There is often some processing time before a refund is posted.<\/p>\n<p>Cuando se da todo el mundo y usted no ha recibido su refundo, puede contactar con el email address.<\/p>\n<p>Sale items<\/p>\n<p>Only regular priced items may be refunded. Sale items cannot be refunded.<\/p>\t\t\t\t\t\t\t\t<\/div>\n\t\t\t\t<\/div>\n\t\t\t\t<div class=\"elementor-element elementor-element-83df101 elementor-widget elementor-widget-heading\" data-id=\"83df101\" data-element_type=\"widget\" data-e-type=\"widget\" data-widget_type=\"heading.default\">\n\t\t\t\t<div class=\"elementor-widget-container\">\n\t\t\t\t\t<h3 class=\"elementor-heading-title elementor-size-default\">Exchanges<\/h3>\t\t\t\t<\/div>\n\t\t\t\t<\/div>\n\t\t\t\t<div class=\"elementor-element elementor-element-049c970 elementor-widget elementor-widget-text-editor\" data-id=\"049c970\" data-element_type=\"widget\" data-e-type=\"widget\" data-widget_type=\"text-editor.default\">\n\t\t\t\t<div class=\"elementor-widget-container\">\n\t\t\t\t\t\t\t\t\t<p>Sugerido texto: Cuando upload images en el sitio web, puedes avoid uploading images with embedded location data (EXIF GPS) included. Visitores para el sitio web se puede descargar y extraer el a\u00f1o para fecha de im\u00e1genes en el sitio web.<\/p>\t\t\t\t\t\t\t\t<\/div>\n\t\t\t\t<\/div>\n\t\t\t\t<div class=\"elementor-element elementor-element-ba2c0c7 elementor-widget elementor-widget-heading\" data-id=\"ba2c0c7\" data-element_type=\"widget\" data-e-type=\"widget\" data-widget_type=\"heading.default\">\n\t\t\t\t<div class=\"elementor-widget-container\">\n\t\t\t\t\t<h3 class=\"elementor-heading-title elementor-size-default\">Gifts<\/h3>\t\t\t\t<\/div>\n\t\t\t\t<\/div>\n\t\t\t\t<div class=\"elementor-element elementor-element-fa3f2a8 elementor-widget elementor-widget-text-editor\" data-id=\"fa3f2a8\" data-element_type=\"widget\" data-e-type=\"widget\" data-widget_type=\"text-editor.default\">\n\t\t\t\t<div class=\"elementor-widget-container\">\n\t\t\t\t\t\t\t\t\t<p>If el elemento se etiquet\u00f3 como gift cuando purchased y shipped directamente por usted, you&#039;ll reciive a gift credit para el valor de su return. Once el returned item is received, en gift certificate will be mailed to you.<\/p>\n<p>If the item wasn&#039;t marked as a gift when purchased, or the gift giver haz la orden shipped to themselves to de vuelta a tu llano, we will send a refundir la gift giver and they \u0431\u0443\u0434\u0435 findout sobre una return.<\/p>\t\t\t\t\t\t\t\t<\/div>\n\t\t\t\t<\/div>\n\t\t\t\t<div class=\"elementor-element elementor-element-3259b4e elementor-widget elementor-widget-heading\" data-id=\"3259b4e\" data-element_type=\"widget\" data-e-type=\"widget\" data-widget_type=\"heading.default\">\n\t\t\t\t<div class=\"elementor-widget-container\">\n\t\t\t\t\t<h3 class=\"elementor-heading-title elementor-size-default\">\nShipping returns<\/h3>\t\t\t\t<\/div>\n\t\t\t\t<\/div>\n\t\t\t\t<div class=\"elementor-element elementor-element-b18644f elementor-widget elementor-widget-text-editor\" data-id=\"b18644f\" data-element_type=\"widget\" data-e-type=\"widget\" data-widget_type=\"text-editor.default\">\n\t\t\t\t<div class=\"elementor-widget-container\">\n\t\t\t\t\t\t\t\t\t<p>To return your product, you should mail your product to: {physical address}.<\/p>\n<p>Usted puede responder a los pagos de los costes de alquiler de alquiler para returning yo. Shipping costes are non-refundable. Cuando reciba a refundo, el coste de return shipping debe deducirse de su refundo.<\/p>\n<p>Depending on where you live, time it may use for your exchange product to reach you may vary.<\/p>\n<p>If you are returning more expensive items, yo may considero using a trackable shipping service or purchasing shipping insurance.<\/p>\t\t\t\t\t\t\t\t<\/div>\n\t\t\t\t<\/div>\n\t\t\t\t<div class=\"elementor-element elementor-element-fbc5c0f elementor-widget elementor-widget-heading\" data-id=\"fbc5c0f\" data-element_type=\"widget\" data-e-type=\"widget\" data-widget_type=\"heading.default\">\n\t\t\t\t<div class=\"elementor-widget-container\">\n\t\t\t\t\t<h3 class=\"elementor-heading-title elementor-size-default\">\u00bfNeed help?<\/h3>\t\t\t\t<\/div>\n\t\t\t\t<\/div>\n\t\t\t\t<div class=\"elementor-element elementor-element-931a51b elementor-widget elementor-widget-text-editor\" data-id=\"931a51b\" data-element_type=\"widget\" data-e-type=\"widget\" data-widget_type=\"text-editor.default\">\n\t\t\t\t<div class=\"elementor-widget-container\">\n\t\t\t\t\t\t\t\t\t<p>Contact us at <a href=\"mailto:hello@bijoux.com\">hello@bijoux.com<\/a> for cuestiones related to refunds and returns.<\/p>\t\t\t\t\t\t\t\t<\/div>\n\t\t\t\t<\/div>\n\t\t\t\t\t<\/div>\n\t\t<\/div>\n\t\t\t\t\t<\/div>\n\t\t<\/section>\n\t\t\t\t<\/div>","protected":false},"excerpt":{"rendered":"<p>Este es el sample page. Overview Our refund and returns policy lasts 30 days. Hasta 30 d\u00edas ha pasado since yo purchase, we can&#039;t offer you a hoja refundo or exchange. Si bien es eligible para return, nuestro elemento puede ser unizado y en su condici\u00f3n de que se reciba. It must tambi\u00e9n\u2026<\/p>","protected":false},"author":1,"featured_media":0,"parent":0,"menu_order":0,"comment_status":"closed","ping_status":"closed","template":"","meta":{"inline_featured_image":false,"footnotes":""},"class_list":["post-4354","page","type-page","status-publish","hentry"],"_links":{"self":[{"href":"https:\/\/erugart.com\/es\/wp-json\/wp\/v2\/pages\/4354","targetHints":{"allow":["GET"]}}],"collection":[{"href":"https:\/\/erugart.com\/es\/wp-json\/wp\/v2\/pages"}],"about":[{"href":"https:\/\/erugart.com\/es\/wp-json\/wp\/v2\/types\/page"}],"author":[{"embeddable":true,"href":"https:\/\/erugart.com\/es\/wp-json\/wp\/v2\/users\/1"}],"replies":[{"embeddable":true,"href":"https:\/\/erugart.com\/es\/wp-json\/wp\/v2\/comments?post=4354"}],"version-history":[{"count":0,"href":"https:\/\/erugart.com\/es\/wp-json\/wp\/v2\/pages\/4354\/revisions"}],"wp:attachment":[{"href":"https:\/\/erugart.com\/es\/wp-json\/wp\/v2\/media?parent=4354"}],"curies":[{"name":"wp","href":"https:\/\/api.w.org\/{rel}","templated":true}]}}