{"id":11030,"date":"2024-01-01T00:00:00","date_gmt":"2024-01-01T00:00:00","guid":{"rendered":"https:\/\/erugart.com\/product\/nins\/"},"modified":"2024-08-09T14:21:48","modified_gmt":"2024-08-09T14:21:48","slug":"nins","status":"publish","type":"product","link":"https:\/\/erugart.com\/es\/product\/nins\/","title":{"rendered":"Ni\u00f1os"},"content":{"rendered":"<div class=\"vgblk-rw-wrapper limit-wrapper\">\n<p>Porcelana, plata de ley 925, acero quir\u00fargico y cord\u00f3n el\u00e1stico.<\/p>\n<\/p>\n<\/div>\n<p><!-- .vgblk-rw-wrapper --><\/p>","protected":false},"excerpt":{"rendered":"<p>Porcelana, plata de ley 925, acero quir\u00fargico y cord\u00f3n el\u00e1stico.<\/p>","protected":false},"featured_media":11031,"comment_status":"closed","ping_status":"open","template":"","meta":{"inline_featured_image":false},"product_brand":[],"product_cat":[115,117],"product_tag":[],"class_list":{"0":"post-11030","1":"product","2":"type-product","3":"status-publish","4":"has-post-thumbnail","6":"product_cat-collarets","7":"product_cat-trik","8":"product_shipping_class-small","9":"pa_color-_000000negro","10":"pa_color-_044aa0azul-oscuro","11":"pa_color-_836698morado","12":"pa_color-_e3d23aamarillo","14":"first","15":"outofstock","16":"purchasable","17":"product-type-simple","18":"wpzoom-wc-spi-has-enabled"},"_links":{"self":[{"href":"https:\/\/erugart.com\/es\/wp-json\/wp\/v2\/product\/11030","targetHints":{"allow":["GET"]}}],"collection":[{"href":"https:\/\/erugart.com\/es\/wp-json\/wp\/v2\/product"}],"about":[{"href":"https:\/\/erugart.com\/es\/wp-json\/wp\/v2\/types\/product"}],"replies":[{"embeddable":true,"href":"https:\/\/erugart.com\/es\/wp-json\/wp\/v2\/comments?post=11030"}],"version-history":[{"count":1,"href":"https:\/\/erugart.com\/es\/wp-json\/wp\/v2\/product\/11030\/revisions"}],"predecessor-version":[{"id":11954,"href":"https:\/\/erugart.com\/es\/wp-json\/wp\/v2\/product\/11030\/revisions\/11954"}],"wp:featuredmedia":[{"embeddable":true,"href":"https:\/\/erugart.com\/es\/wp-json\/wp\/v2\/media\/11031"}],"wp:attachment":[{"href":"https:\/\/erugart.com\/es\/wp-json\/wp\/v2\/media?parent=11030"}],"wp:term":[{"taxonomy":"product_brand","embeddable":true,"href":"https:\/\/erugart.com\/es\/wp-json\/wp\/v2\/product_brand?post=11030"},{"taxonomy":"product_cat","embeddable":true,"href":"https:\/\/erugart.com\/es\/wp-json\/wp\/v2\/product_cat?post=11030"},{"taxonomy":"product_tag","embeddable":true,"href":"https:\/\/erugart.com\/es\/wp-json\/wp\/v2\/product_tag?post=11030"}],"curies":[{"name":"wp","href":"https:\/\/api.w.org\/{rel}","templated":true}]}}