{"id":13435,"date":"2025-05-21T09:14:19","date_gmt":"2025-05-21T09:14:19","guid":{"rendered":"https:\/\/erugart.com\/?post_type=product&#038;p=13435"},"modified":"2025-09-16T15:10:20","modified_gmt":"2025-09-16T15:10:20","slug":"espelma-alhambra-iv","status":"publish","type":"product","link":"https:\/\/erugart.com\/fr\/product\/espelma-alhambra-iv\/","title":{"rendered":"Bougie Alhambra IV"},"content":{"rendered":"<div class=\"vgblk-rw-wrapper limit-wrapper\">C\u00e9ramique<br \/>200 grammes de cire de soja<br \/>2 m\u00e8ches<br \/>Ar\u00f4me de fleurs de printemps et de fleur d&#039;oranger<br \/>Toutes nos bougies peuvent \u00eatre recharg\u00e9es. Vous pouvez nous contacter (erugart.bcn@gmail.com) pour plus d&#039;informations.<\/div>\n<p><!-- .vgblk-rw-wrapper --><\/p>","protected":false},"excerpt":{"rendered":"<p>C\u00e9ramique200 grammes de cire de soja2 m\u00e8chesAr\u00f4me de fleurs printani\u00e8res et de fleur d&#039;orangerToutes nos bougies sont rechargeables. Vous pouvez nous contacter (erugart.bcn@gmail.com) pour plus d&#039;informations.<\/p>","protected":false},"featured_media":13428,"comment_status":"open","ping_status":"closed","template":"","meta":{"inline_featured_image":false},"product_brand":[],"product_cat":[178],"product_tag":[],"class_list":{"0":"post-13435","1":"product","2":"type-product","3":"status-publish","4":"has-post-thumbnail","6":"product_cat-candeles","7":"product_shipping_class-medium","9":"first","10":"outofstock","11":"shipping-taxable","12":"purchasable","13":"product-type-simple","14":"wpzoom-wc-spi-has-enabled"},"_links":{"self":[{"href":"https:\/\/erugart.com\/fr\/wp-json\/wp\/v2\/product\/13435","targetHints":{"allow":["GET"]}}],"collection":[{"href":"https:\/\/erugart.com\/fr\/wp-json\/wp\/v2\/product"}],"about":[{"href":"https:\/\/erugart.com\/fr\/wp-json\/wp\/v2\/types\/product"}],"replies":[{"embeddable":true,"href":"https:\/\/erugart.com\/fr\/wp-json\/wp\/v2\/comments?post=13435"}],"version-history":[{"count":1,"href":"https:\/\/erugart.com\/fr\/wp-json\/wp\/v2\/product\/13435\/revisions"}],"predecessor-version":[{"id":13436,"href":"https:\/\/erugart.com\/fr\/wp-json\/wp\/v2\/product\/13435\/revisions\/13436"}],"wp:featuredmedia":[{"embeddable":true,"href":"https:\/\/erugart.com\/fr\/wp-json\/wp\/v2\/media\/13428"}],"wp:attachment":[{"href":"https:\/\/erugart.com\/fr\/wp-json\/wp\/v2\/media?parent=13435"}],"wp:term":[{"taxonomy":"product_brand","embeddable":true,"href":"https:\/\/erugart.com\/fr\/wp-json\/wp\/v2\/product_brand?post=13435"},{"taxonomy":"product_cat","embeddable":true,"href":"https:\/\/erugart.com\/fr\/wp-json\/wp\/v2\/product_cat?post=13435"},{"taxonomy":"product_tag","embeddable":true,"href":"https:\/\/erugart.com\/fr\/wp-json\/wp\/v2\/product_tag?post=13435"}],"curies":[{"name":"wp","href":"https:\/\/api.w.org\/{rel}","templated":true}]}}